{"id":237,"date":"2023-11-11T21:37:50","date_gmt":"2023-11-11T20:37:50","guid":{"rendered":"https:\/\/dreamymegane.com\/?page_id=237"},"modified":"2023-12-05T22:49:25","modified_gmt":"2023-12-05T21:49:25","slug":"se-deplacer-seoul","status":"publish","type":"page","link":"https:\/\/dreamymegane.com\/index.php\/se-deplacer-seoul\/","title":{"rendered":"Se d\u00e9placer \u00e0 S\u00e9oul"},"content":{"rendered":"\n<div class=\"wp-block-cover alignfull has-parallax ona-hero\" style=\"min-height:320px\"><span aria-hidden=\"true\" class=\"wp-block-cover__background has-background-dim-30 has-background-dim\" style=\"background-color:#111111\"><\/span><div role=\"img\" class=\"wp-block-cover__image-background wp-image-437 has-parallax\" style=\"background-position:50% 50%;background-image:url(http:\/\/dreamymegane.com\/wp-content\/uploads\/2023\/11\/seoul-changgye.jpg)\"><\/div><div class=\"wp-block-cover__inner-container is-layout-flow wp-block-cover-is-layout-flow\">\n<div class=\"wp-block-group is-layout-constrained wp-container-1 wp-block-group-is-layout-constrained\">\n<h1 class=\"wp-block-heading has-text-align-center has-light-color has-text-color has-x-large-font-size\" id=\"hello-i-m-ona-and-this-is-my-personal-travel-journal\">Se d\u00e9placer \u00e0 S\u00e9oul<\/h1>\n<\/div>\n<\/div><\/div>\n\n\n\n<p class=\"has-text-align-center\">Pour se d\u00e9placer \u00e0 S\u00e9oul, que vous optiez pour le m\u00e9tro ultramoderne (qui sent bon), les bus super pratiques, le taxi ou les modes de d\u00e9placement alternatifs, les options sont presque infinies ! Sur cette page, je vous propose diff\u00e9rents articles d\u00e9di\u00e9s aux moyens de transports avec tous mes secrets pour naviguer facilement \u00e0 travers la capitale.<\/p>\n\n\n\n<div class=\"wp-block-columns alignfull are-vertically-aligned-center is-layout-flex wp-container-7 wp-block-columns-is-layout-flex\">\n<div class=\"wp-block-column is-vertically-aligned-center is-layout-flow wp-block-column-is-layout-flow\">\n<div class=\"wp-block-columns has-background is-layout-flex wp-container-5 wp-block-columns-is-layout-flex\" style=\"background-color:#faf4ed\">\n<div class=\"wp-block-column is-layout-flow wp-block-column-is-layout-flow\" style=\"flex-basis:33.33%\">\n<figure class=\"wp-block-image aligncenter size-large is-resized\"><a href=\"https:\/\/dreamymegane.com\/index.php\/2023\/12\/04\/de-laeroport-a-seoul\/\" target=\"_blank\" rel=\"noreferrer noopener\"><img decoding=\"async\" width=\"1024\" height=\"768\" src=\"https:\/\/dreamymegane.com\/wp-content\/uploads\/2023\/11\/aeroport-seoul-1024x768.jpg\" alt=\"se d\u00e9placer depuis l'a\u00e9roport de s\u00e9oul\" class=\"wp-image-552\" style=\"aspect-ratio:1.3333333333333333;width:352px;height:auto\" srcset=\"https:\/\/dreamymegane.com\/wp-content\/uploads\/2023\/11\/aeroport-seoul-1024x768.jpg 1024w, https:\/\/dreamymegane.com\/wp-content\/uploads\/2023\/11\/aeroport-seoul-300x225.jpg 300w, https:\/\/dreamymegane.com\/wp-content\/uploads\/2023\/11\/aeroport-seoul-768x576.jpg 768w, https:\/\/dreamymegane.com\/wp-content\/uploads\/2023\/11\/aeroport-seoul-1536x1152.jpg 1536w, https:\/\/dreamymegane.com\/wp-content\/uploads\/2023\/11\/aeroport-seoul-2048x1536.jpg 2048w, https:\/\/dreamymegane.com\/wp-content\/uploads\/2023\/11\/aeroport-seoul-1170x878.jpg 1170w\" sizes=\"(max-width: 1024px) 100vw, 1024px\" \/><\/a><\/figure>\n<\/div>\n\n\n\n<div class=\"wp-block-column is-vertically-aligned-center is-layout-flow wp-block-column-is-layout-flow\" style=\"flex-basis:66.66%\">\n<h3 class=\"wp-block-heading has-text-color\" style=\"color:#df93af\">Se d\u00e9placer entre l&#8217;a\u00e9roport et S\u00e9oul<\/h3>\n\n\n\n<p>Bienvenue \u00e0 S\u00e9oul ! Facilitez votre arriv\u00e9e avec ce petit article concernant le transfert de l&#8217;a\u00e9roport \u00e0 la vibrante capitale sud-cor\u00e9enne. D\u00e9couvrez tout ce dont vous avez besoin pour d\u00e9buter votre s\u00e9jour en toute fluidit\u00e9 d\u00e8s votre descente de l&#8217;avion !<\/p>\n<\/div>\n<\/div>\n<\/div>\n<\/div>\n\n\n\n<div class=\"wp-block-group alignfull is-layout-constrained wp-block-group-is-layout-constrained\">\n<h3 class=\"wp-block-heading has-text-align-center has-text-color\" style=\"color:#df93af\">Se d\u00e9placer \u00e0 S\u00e9oul<\/h3>\n\n\n\n<div class=\"wp-block-columns is-layout-flex wp-container-11 wp-block-columns-is-layout-flex\">\n<div class=\"wp-block-column is-layout-flow wp-block-column-is-layout-flow\">\n<figure class=\"wp-block-image size-large\"><a href=\"https:\/\/dreamymegane.com\/index.php\/2023\/11\/22\/bus-seoul\/\" target=\"_blank\" rel=\"noreferrer noopener\"><img decoding=\"async\" width=\"1024\" height=\"1024\" src=\"https:\/\/dreamymegane.com\/wp-content\/uploads\/2023\/11\/bus-article-1024x1024.png\" alt=\"\" class=\"wp-image-557\" srcset=\"https:\/\/dreamymegane.com\/wp-content\/uploads\/2023\/11\/bus-article-1024x1024.png 1024w, https:\/\/dreamymegane.com\/wp-content\/uploads\/2023\/11\/bus-article-300x300.png 300w, https:\/\/dreamymegane.com\/wp-content\/uploads\/2023\/11\/bus-article-150x150.png 150w, https:\/\/dreamymegane.com\/wp-content\/uploads\/2023\/11\/bus-article-768x768.png 768w, https:\/\/dreamymegane.com\/wp-content\/uploads\/2023\/11\/bus-article.png 1080w\" sizes=\"(max-width: 1024px) 100vw, 1024px\" \/><\/a><\/figure>\n<\/div>\n\n\n\n<div class=\"wp-block-column is-layout-flow wp-block-column-is-layout-flow\">\n<figure class=\"wp-block-image size-large\"><a href=\"https:\/\/dreamymegane.com\/index.php\/2023\/11\/21\/metro-seoul\/\" target=\"_blank\" rel=\"noreferrer noopener\"><img decoding=\"async\" width=\"1024\" height=\"1024\" src=\"https:\/\/dreamymegane.com\/wp-content\/uploads\/2023\/11\/metro-article-1024x1024.png\" alt=\"\" class=\"wp-image-555\" srcset=\"https:\/\/dreamymegane.com\/wp-content\/uploads\/2023\/11\/metro-article-1024x1024.png 1024w, https:\/\/dreamymegane.com\/wp-content\/uploads\/2023\/11\/metro-article-300x300.png 300w, https:\/\/dreamymegane.com\/wp-content\/uploads\/2023\/11\/metro-article-150x150.png 150w, https:\/\/dreamymegane.com\/wp-content\/uploads\/2023\/11\/metro-article-768x768.png 768w, https:\/\/dreamymegane.com\/wp-content\/uploads\/2023\/11\/metro-article.png 1080w\" sizes=\"(max-width: 1024px) 100vw, 1024px\" \/><\/a><\/figure>\n<\/div>\n\n\n\n<div class=\"wp-block-column is-layout-flow wp-block-column-is-layout-flow\">\n<figure class=\"wp-block-image size-large\"><a href=\"https:\/\/dreamymegane.com\/index.php\/2023\/11\/24\/taxi-coree\/\" target=\"_blank\" rel=\"noreferrer noopener\"><img decoding=\"async\" width=\"1024\" height=\"1024\" src=\"https:\/\/dreamymegane.com\/wp-content\/uploads\/2023\/11\/taxi-article-1024x1024.png\" alt=\"\" class=\"wp-image-556\" srcset=\"https:\/\/dreamymegane.com\/wp-content\/uploads\/2023\/11\/taxi-article-1024x1024.png 1024w, https:\/\/dreamymegane.com\/wp-content\/uploads\/2023\/11\/taxi-article-300x300.png 300w, https:\/\/dreamymegane.com\/wp-content\/uploads\/2023\/11\/taxi-article-150x150.png 150w, https:\/\/dreamymegane.com\/wp-content\/uploads\/2023\/11\/taxi-article-768x768.png 768w, https:\/\/dreamymegane.com\/wp-content\/uploads\/2023\/11\/taxi-article.png 1080w\" sizes=\"(max-width: 1024px) 100vw, 1024px\" \/><\/a><\/figure>\n<\/div>\n<\/div>\n<\/div>\n\n\n\n<div style=\"height:10px\" aria-hidden=\"true\" class=\"wp-block-spacer\"><\/div>\n\n\n\n<div class=\"wp-block-columns alignfull are-vertically-aligned-center has-background is-layout-flex wp-container-15 wp-block-columns-is-layout-flex\" style=\"background-color:#faf4ed\">\n<div class=\"wp-block-column is-vertically-aligned-center is-layout-flow wp-block-column-is-layout-flow\" style=\"flex-basis:66.66%\">\n<h3 class=\"wp-block-heading has-text-align-right has-text-color\" style=\"color:#df93af\">Se d\u00e9placer avec les v\u00e9los en libre-service<\/h3>\n\n\n\n<p class=\"has-text-align-right\">Explorez S\u00e9oul \u00e0 votre rythme avec cet article d\u00e9di\u00e9 au v\u00e9lo en libre-service ! Apprenez \u00e0 utiliser les fameux v\u00e9los verts et baladez vous \u00e0 travers diff\u00e9rents quartiers de la ville en toute libert\u00e9 !  Ce mode de transport offre une perspective unique sur la capitale sud-cor\u00e9enne et vous garantit aussi une super id\u00e9e d&#8217;activit\u00e9 en solo ou avec des ami.e.s !<\/p>\n<\/div>\n\n\n\n<div class=\"wp-block-column is-vertically-aligned-center is-layout-flow wp-block-column-is-layout-flow\" style=\"flex-basis:33.33%\">\n<figure class=\"wp-block-image aligncenter size-large is-resized\"><a href=\"https:\/\/dreamymegane.com\/index.php\/2023\/11\/21\/velo-coree\/\" target=\"_blank\" rel=\"noreferrer noopener\"><img decoding=\"async\" width=\"1024\" height=\"683\" src=\"https:\/\/dreamymegane.com\/wp-content\/uploads\/2023\/11\/velos-libreservice-1024x683.jpg\" alt=\"se d\u00e9placer en v\u00e9lo\" class=\"wp-image-554\" style=\"aspect-ratio:1.499267935578331;width:361px;height:auto\" srcset=\"https:\/\/dreamymegane.com\/wp-content\/uploads\/2023\/11\/velos-libreservice-1024x683.jpg 1024w, https:\/\/dreamymegane.com\/wp-content\/uploads\/2023\/11\/velos-libreservice-300x200.jpg 300w, https:\/\/dreamymegane.com\/wp-content\/uploads\/2023\/11\/velos-libreservice-768x512.jpg 768w, https:\/\/dreamymegane.com\/wp-content\/uploads\/2023\/11\/velos-libreservice-1536x1024.jpg 1536w, https:\/\/dreamymegane.com\/wp-content\/uploads\/2023\/11\/velos-libreservice-2048x1365.jpg 2048w, https:\/\/dreamymegane.com\/wp-content\/uploads\/2023\/11\/velos-libreservice-1170x780.jpg 1170w\" sizes=\"(max-width: 1024px) 100vw, 1024px\" \/><\/a><\/figure>\n<\/div>\n<\/div>\n\n\n\n<h2 class=\"wp-block-heading has-text-align-center\">Me suivre<\/h2>\n\n\n\n<div class=\"wp-block-columns alignwide is-layout-flex wp-container-17 wp-block-columns-is-layout-flex\">\n<div class=\"wp-block-column is-layout-flow wp-block-column-is-layout-flow\">        <div\n            class=\"spotlight-instagram-feed\"\n            data-feed-var=\"26c560d9\"\n            data-analytics=\"0\"\n            data-instance=\"237\"\n        >\n        <\/div>\n        <input type=\"hidden\" id=\"sli__f__26c560d9\" data-json='{&quot;useCase&quot;:&quot;accounts&quot;,&quot;template&quot;:&quot;row&quot;,&quot;layout&quot;:&quot;grid&quot;,&quot;numColumns&quot;:{&quot;desktop&quot;:5,&quot;phone&quot;:3,&quot;tablet&quot;:5},&quot;highlightFreq&quot;:{&quot;desktop&quot;:7},&quot;sliderNumScrollPosts&quot;:{&quot;desktop&quot;:1},&quot;sliderInfinite&quot;:true,&quot;sliderLoop&quot;:false,&quot;sliderArrowPos&quot;:{&quot;desktop&quot;:&quot;inside&quot;},&quot;sliderArrowSize&quot;:{&quot;desktop&quot;:20},&quot;sliderArrowColor&quot;:{&quot;r&quot;:255,&quot;b&quot;:255,&quot;g&quot;:255,&quot;a&quot;:1},&quot;sliderArrowBgColor&quot;:{&quot;r&quot;:0,&quot;b&quot;:0,&quot;g&quot;:0,&quot;a&quot;:0.8},&quot;sliderAutoScroll&quot;:false,&quot;sliderAutoInterval&quot;:3,&quot;postOrder&quot;:&quot;date_desc&quot;,&quot;numPosts&quot;:{&quot;desktop&quot;:5,&quot;phone&quot;:3,&quot;tablet&quot;:5},&quot;linkBehavior&quot;:{&quot;desktop&quot;:&quot;new_tab&quot;},&quot;feedWidth&quot;:{&quot;desktop&quot;:0},&quot;feedHeight&quot;:{&quot;desktop&quot;:0},&quot;feedPadding&quot;:{&quot;desktop&quot;:0,&quot;tablet&quot;:0,&quot;phone&quot;:0},&quot;imgPadding&quot;:{&quot;desktop&quot;:0,&quot;tablet&quot;:0,&quot;phone&quot;:0},&quot;textSize&quot;:{&quot;desktop&quot;:0,&quot;tablet&quot;:0,&quot;phone&quot;:0},&quot;bgColor&quot;:{&quot;r&quot;:255,&quot;g&quot;:255,&quot;b&quot;:255,&quot;a&quot;:1},&quot;hoverInfo&quot;:[&quot;insta_link&quot;,&quot;date&quot;],&quot;textColorHover&quot;:{&quot;r&quot;:255,&quot;g&quot;:255,&quot;b&quot;:255,&quot;a&quot;:1},&quot;bgColorHover&quot;:{&quot;r&quot;:0,&quot;g&quot;:0,&quot;b&quot;:0,&quot;a&quot;:0.5},&quot;showHeader&quot;:{&quot;desktop&quot;:false},&quot;headerInfo&quot;:{&quot;desktop&quot;:[&quot;profile_pic&quot;,&quot;bio&quot;]},&quot;headerAccount&quot;:null,&quot;headerStyle&quot;:{&quot;desktop&quot;:&quot;normal&quot;,&quot;phone&quot;:&quot;centered&quot;},&quot;headerTextSize&quot;:{&quot;desktop&quot;:0},&quot;headerPhotoSize&quot;:{&quot;desktop&quot;:50},&quot;headerTextColor&quot;:{&quot;r&quot;:0,&quot;g&quot;:0,&quot;b&quot;:0,&quot;a&quot;:1},&quot;headerBgColor&quot;:{&quot;r&quot;:255,&quot;g&quot;:255,&quot;b&quot;:255,&quot;a&quot;:1},&quot;headerPadding&quot;:{&quot;desktop&quot;:0},&quot;customProfilePic&quot;:&quot;&quot;,&quot;customBioText&quot;:&quot;&quot;,&quot;includeStories&quot;:false,&quot;storiesInterval&quot;:5,&quot;showCaptions&quot;:{&quot;desktop&quot;:false,&quot;tablet&quot;:false},&quot;captionMaxLength&quot;:{&quot;desktop&quot;:0},&quot;captionRemoveDots&quot;:false,&quot;captionSize&quot;:{&quot;desktop&quot;:0},&quot;captionColor&quot;:{&quot;r&quot;:0,&quot;g&quot;:0,&quot;b&quot;:0,&quot;a&quot;:1},&quot;showLikes&quot;:{&quot;desktop&quot;:false,&quot;tablet&quot;:false},&quot;showComments&quot;:{&quot;desktop&quot;:false,&quot;tablet&quot;:false},&quot;lcIconSize&quot;:{&quot;desktop&quot;:14},&quot;likesIconColor&quot;:{&quot;r&quot;:0,&quot;g&quot;:0,&quot;b&quot;:0,&quot;a&quot;:1},&quot;commentsIconColor&quot;:{&quot;r&quot;:0,&quot;g&quot;:0,&quot;b&quot;:0,&quot;a&quot;:1},&quot;lightboxShowSidebar&quot;:false,&quot;lightboxCtaStyle&quot;:&quot;link&quot;,&quot;lightboxCtaDesign&quot;:{&quot;text&quot;:{&quot;color&quot;:{&quot;r&quot;:0,&quot;g&quot;:0,&quot;b&quot;:0,&quot;a&quot;:1},&quot;align&quot;:&quot;center&quot;},&quot;bgColor&quot;:{&quot;r&quot;:230,&quot;g&quot;:230,&quot;b&quot;:230,&quot;a&quot;:1},&quot;border&quot;:{&quot;radius&quot;:3}},&quot;numLightboxComments&quot;:50,&quot;showLoadMoreBtn&quot;:{&quot;desktop&quot;:false},&quot;loadMoreBtnDesign&quot;:{&quot;text&quot;:{&quot;color&quot;:{&quot;r&quot;:255,&quot;g&quot;:255,&quot;b&quot;:255,&quot;a&quot;:1},&quot;align&quot;:&quot;center&quot;},&quot;border&quot;:{&quot;radius&quot;:3},&quot;bgColor&quot;:{&quot;r&quot;:0,&quot;g&quot;:149,&quot;b&quot;:246,&quot;a&quot;:1},&quot;margin&quot;:{&quot;top&quot;:0,&quot;bottom&quot;:0,&quot;left&quot;:0,&quot;right&quot;:0}},&quot;loadMoreBtnText&quot;:&quot;Load more&quot;,&quot;loadMoreBtnScroll&quot;:true,&quot;autoload&quot;:false,&quot;showFollowBtn&quot;:{&quot;desktop&quot;:false,&quot;phone&quot;:false},&quot;followBtnText&quot;:&quot;Follow on Instagram&quot;,&quot;followBtnDesign&quot;:{&quot;text&quot;:{&quot;color&quot;:{&quot;r&quot;:255,&quot;g&quot;:255,&quot;b&quot;:255,&quot;a&quot;:1},&quot;align&quot;:&quot;center&quot;},&quot;border&quot;:{&quot;radius&quot;:3},&quot;bgColor&quot;:{&quot;r&quot;:0,&quot;g&quot;:149,&quot;b&quot;:246,&quot;a&quot;:1},&quot;margin&quot;:{&quot;top&quot;:0,&quot;bottom&quot;:0,&quot;left&quot;:0,&quot;right&quot;:0}},&quot;followBtnLocation&quot;:{&quot;desktop&quot;:&quot;bottom&quot;,&quot;phone&quot;:&quot;bottom&quot;},&quot;alignFooterButtons&quot;:{&quot;desktop&quot;:false},&quot;customCss&quot;:&quot;\\\/* Enter your custom CSS below *\\\/\\n\\n&quot;,&quot;accounts&quot;:[91],&quot;tagged&quot;:[],&quot;hashtags&quot;:[],&quot;mediaType&quot;:&quot;all&quot;,&quot;hashtagWhitelist&quot;:[],&quot;hashtagBlacklist&quot;:[],&quot;captionWhitelist&quot;:[],&quot;captionBlacklist&quot;:[],&quot;hashtagWhitelistSettings&quot;:true,&quot;hashtagBlacklistSettings&quot;:true,&quot;captionWhitelistSettings&quot;:true,&quot;captionBlacklistSettings&quot;:true,&quot;moderation&quot;:[],&quot;moderationMode&quot;:&quot;blacklist&quot;,&quot;promosVersion&quot;:2,&quot;promosEnabled&quot;:true,&quot;globalPromosEnabled&quot;:true,&quot;autoPromosEnabled&quot;:true,&quot;promoOverrides&quot;:[],&quot;feedPromo&quot;:{&quot;linkSource&quot;:{&quot;type&quot;:null},&quot;linkBehavior&quot;:{&quot;openNewTab&quot;:false,&quot;showPopupBox&quot;:false},&quot;linkText&quot;:&quot;&quot;},&quot;gaCampaignSource&quot;:&quot;&quot;,&quot;gaCampaignMedium&quot;:&quot;&quot;,&quot;gaCampaignName&quot;:&quot;&quot;,&quot;className&quot;:&quot;&quot;}' \/>\n        <input type=\"hidden\" id=\"sli__a__26c560d9\" data-json='[{&quot;id&quot;:91,&quot;type&quot;:&quot;PERSONAL&quot;,&quot;userId&quot;:&quot;24619783874279414&quot;,&quot;username&quot;:&quot;dreamymegane&quot;,&quot;bio&quot;:&quot;&quot;,&quot;customBio&quot;:&quot;&quot;,&quot;profilePicUrl&quot;:&quot;&quot;,&quot;customProfilePicUrl&quot;:&quot;http:\\\/\\\/dreamymegane.com\\\/wp-content\\\/uploads\\\/2023\\\/11\\\/megane.jpg&quot;,&quot;mediaCount&quot;:&quot;979&quot;,&quot;followersCount&quot;:&quot;0&quot;,&quot;usages&quot;:[],&quot;creationDate&quot;:&quot;2023-11-07 14:56:58&quot;}]' \/>\n        <input type=\"hidden\" id=\"sli__m__26c560d9\" data-json='[]' \/>\n        <\/div>\n<\/div>\n","protected":false},"excerpt":{"rendered":"<p>Pour se d\u00e9placer \u00e0 S\u00e9oul, que vous optiez pour le m\u00e9tro ultramoderne (qui sent bon), les bus super pratiques, le taxi ou les modes de d\u00e9placement alternatifs, les options sont presque infinies ! Sur cette page, je vous propose diff\u00e9rents articles d\u00e9di\u00e9s aux moyens de transports avec tous mes secrets pour naviguer facilement \u00e0 travers [&hellip;]<\/p>\n","protected":false},"author":1,"featured_media":0,"parent":0,"menu_order":0,"comment_status":"closed","ping_status":"closed","template":"","meta":{"_monsterinsights_skip_tracking":false,"_monsterinsights_sitenote_active":false,"_monsterinsights_sitenote_note":"","_monsterinsights_sitenote_category":0,"footnotes":""},"yoast_head":"<!-- This site is optimized with the Yoast SEO plugin v22.4 - https:\/\/yoast.com\/wordpress\/plugins\/seo\/ -->\n<title>Se d\u00e9placer \u00e0 S\u00e9oul - dreamymegane.com<\/title>\n<meta name=\"description\" content=\"Se d\u00e9placer \u00e0 S\u00e9oul peut parfois \u00eatre d\u00e9stabilisant. Avec ces diff\u00e9rents articles, je vous donne toutes les infos et astuces \u00e0 conna\u00eetre !\" \/>\n<meta name=\"robots\" content=\"index, follow, max-snippet:-1, max-image-preview:large, max-video-preview:-1\" \/>\n<link rel=\"canonical\" href=\"https:\/\/dreamymegane.com\/index.php\/se-deplacer-seoul\/\" \/>\n<meta property=\"og:locale\" content=\"en_US\" \/>\n<meta property=\"og:type\" content=\"article\" \/>\n<meta property=\"og:title\" content=\"Se d\u00e9placer \u00e0 S\u00e9oul - dreamymegane.com\" \/>\n<meta property=\"og:description\" content=\"Se d\u00e9placer \u00e0 S\u00e9oul peut parfois \u00eatre d\u00e9stabilisant. Avec ces diff\u00e9rents articles, je vous donne toutes les infos et astuces \u00e0 conna\u00eetre !\" \/>\n<meta property=\"og:url\" content=\"https:\/\/dreamymegane.com\/index.php\/se-deplacer-seoul\/\" \/>\n<meta property=\"og:site_name\" content=\"dreamymegane.com\" \/>\n<meta property=\"article:modified_time\" content=\"2023-12-05T21:49:25+00:00\" \/>\n<meta property=\"og:image\" content=\"https:\/\/dreamymegane.com\/wp-content\/uploads\/2023\/11\/aeroport-seoul-1024x768.jpg\" \/>\n<meta name=\"twitter:card\" content=\"summary_large_image\" \/>\n<meta name=\"twitter:label1\" content=\"Est. reading time\" \/>\n\t<meta name=\"twitter:data1\" content=\"2 minutes\" \/>\n<script type=\"application\/ld+json\" class=\"yoast-schema-graph\">{\"@context\":\"https:\/\/schema.org\",\"@graph\":[{\"@type\":\"WebPage\",\"@id\":\"https:\/\/dreamymegane.com\/index.php\/se-deplacer-seoul\/\",\"url\":\"https:\/\/dreamymegane.com\/index.php\/se-deplacer-seoul\/\",\"name\":\"Se d\u00e9placer \u00e0 S\u00e9oul - dreamymegane.com\",\"isPartOf\":{\"@id\":\"https:\/\/dreamymegane.com\/#website\"},\"primaryImageOfPage\":{\"@id\":\"https:\/\/dreamymegane.com\/index.php\/se-deplacer-seoul\/#primaryimage\"},\"image\":{\"@id\":\"https:\/\/dreamymegane.com\/index.php\/se-deplacer-seoul\/#primaryimage\"},\"thumbnailUrl\":\"https:\/\/dreamymegane.com\/wp-content\/uploads\/2023\/11\/aeroport-seoul-1024x768.jpg\",\"datePublished\":\"2023-11-11T20:37:50+00:00\",\"dateModified\":\"2023-12-05T21:49:25+00:00\",\"description\":\"Se d\u00e9placer \u00e0 S\u00e9oul peut parfois \u00eatre d\u00e9stabilisant. Avec ces diff\u00e9rents articles, je vous donne toutes les infos et astuces \u00e0 conna\u00eetre !\",\"breadcrumb\":{\"@id\":\"https:\/\/dreamymegane.com\/index.php\/se-deplacer-seoul\/#breadcrumb\"},\"inLanguage\":\"en-US\",\"potentialAction\":[{\"@type\":\"ReadAction\",\"target\":[\"https:\/\/dreamymegane.com\/index.php\/se-deplacer-seoul\/\"]}]},{\"@type\":\"ImageObject\",\"inLanguage\":\"en-US\",\"@id\":\"https:\/\/dreamymegane.com\/index.php\/se-deplacer-seoul\/#primaryimage\",\"url\":\"https:\/\/dreamymegane.com\/wp-content\/uploads\/2023\/11\/aeroport-seoul.jpg\",\"contentUrl\":\"https:\/\/dreamymegane.com\/wp-content\/uploads\/2023\/11\/aeroport-seoul.jpg\",\"width\":2400,\"height\":1800},{\"@type\":\"BreadcrumbList\",\"@id\":\"https:\/\/dreamymegane.com\/index.php\/se-deplacer-seoul\/#breadcrumb\",\"itemListElement\":[{\"@type\":\"ListItem\",\"position\":1,\"name\":\"Accueil\",\"item\":\"https:\/\/dreamymegane.com\/\"},{\"@type\":\"ListItem\",\"position\":2,\"name\":\"Se d\u00e9placer \u00e0 S\u00e9oul\"}]},{\"@type\":\"WebSite\",\"@id\":\"https:\/\/dreamymegane.com\/#website\",\"url\":\"https:\/\/dreamymegane.com\/\",\"name\":\"dreamymegane.com\",\"description\":\"\",\"publisher\":{\"@id\":\"https:\/\/dreamymegane.com\/#\/schema\/person\/fcb4ff8a5fbc7f3e7c6d5b3bd0065ad2\"},\"potentialAction\":[{\"@type\":\"SearchAction\",\"target\":{\"@type\":\"EntryPoint\",\"urlTemplate\":\"https:\/\/dreamymegane.com\/?s={search_term_string}\"},\"query-input\":\"required name=search_term_string\"}],\"inLanguage\":\"en-US\"},{\"@type\":[\"Person\",\"Organization\"],\"@id\":\"https:\/\/dreamymegane.com\/#\/schema\/person\/fcb4ff8a5fbc7f3e7c6d5b3bd0065ad2\",\"name\":\"dreamymegane.com\",\"image\":{\"@type\":\"ImageObject\",\"inLanguage\":\"en-US\",\"@id\":\"https:\/\/dreamymegane.com\/#\/schema\/person\/image\/\",\"url\":\"http:\/\/dreamymegane.com\/wp-content\/uploads\/2023\/11\/logo-blog.png\",\"contentUrl\":\"http:\/\/dreamymegane.com\/wp-content\/uploads\/2023\/11\/logo-blog.png\",\"width\":445,\"height\":138,\"caption\":\"dreamymegane.com\"},\"logo\":{\"@id\":\"https:\/\/dreamymegane.com\/#\/schema\/person\/image\/\"},\"sameAs\":[\"http:\/\/dreamymegane.com\"]}]}<\/script>\n<!-- \/ Yoast SEO plugin. -->","yoast_head_json":{"title":"Se d\u00e9placer \u00e0 S\u00e9oul - dreamymegane.com","description":"Se d\u00e9placer \u00e0 S\u00e9oul peut parfois \u00eatre d\u00e9stabilisant. Avec ces diff\u00e9rents articles, je vous donne toutes les infos et astuces \u00e0 conna\u00eetre !","robots":{"index":"index","follow":"follow","max-snippet":"max-snippet:-1","max-image-preview":"max-image-preview:large","max-video-preview":"max-video-preview:-1"},"canonical":"https:\/\/dreamymegane.com\/index.php\/se-deplacer-seoul\/","og_locale":"en_US","og_type":"article","og_title":"Se d\u00e9placer \u00e0 S\u00e9oul - dreamymegane.com","og_description":"Se d\u00e9placer \u00e0 S\u00e9oul peut parfois \u00eatre d\u00e9stabilisant. Avec ces diff\u00e9rents articles, je vous donne toutes les infos et astuces \u00e0 conna\u00eetre !","og_url":"https:\/\/dreamymegane.com\/index.php\/se-deplacer-seoul\/","og_site_name":"dreamymegane.com","article_modified_time":"2023-12-05T21:49:25+00:00","og_image":[{"url":"https:\/\/dreamymegane.com\/wp-content\/uploads\/2023\/11\/aeroport-seoul-1024x768.jpg"}],"twitter_card":"summary_large_image","twitter_misc":{"Est. reading time":"2 minutes"},"schema":{"@context":"https:\/\/schema.org","@graph":[{"@type":"WebPage","@id":"https:\/\/dreamymegane.com\/index.php\/se-deplacer-seoul\/","url":"https:\/\/dreamymegane.com\/index.php\/se-deplacer-seoul\/","name":"Se d\u00e9placer \u00e0 S\u00e9oul - dreamymegane.com","isPartOf":{"@id":"https:\/\/dreamymegane.com\/#website"},"primaryImageOfPage":{"@id":"https:\/\/dreamymegane.com\/index.php\/se-deplacer-seoul\/#primaryimage"},"image":{"@id":"https:\/\/dreamymegane.com\/index.php\/se-deplacer-seoul\/#primaryimage"},"thumbnailUrl":"https:\/\/dreamymegane.com\/wp-content\/uploads\/2023\/11\/aeroport-seoul-1024x768.jpg","datePublished":"2023-11-11T20:37:50+00:00","dateModified":"2023-12-05T21:49:25+00:00","description":"Se d\u00e9placer \u00e0 S\u00e9oul peut parfois \u00eatre d\u00e9stabilisant. Avec ces diff\u00e9rents articles, je vous donne toutes les infos et astuces \u00e0 conna\u00eetre !","breadcrumb":{"@id":"https:\/\/dreamymegane.com\/index.php\/se-deplacer-seoul\/#breadcrumb"},"inLanguage":"en-US","potentialAction":[{"@type":"ReadAction","target":["https:\/\/dreamymegane.com\/index.php\/se-deplacer-seoul\/"]}]},{"@type":"ImageObject","inLanguage":"en-US","@id":"https:\/\/dreamymegane.com\/index.php\/se-deplacer-seoul\/#primaryimage","url":"https:\/\/dreamymegane.com\/wp-content\/uploads\/2023\/11\/aeroport-seoul.jpg","contentUrl":"https:\/\/dreamymegane.com\/wp-content\/uploads\/2023\/11\/aeroport-seoul.jpg","width":2400,"height":1800},{"@type":"BreadcrumbList","@id":"https:\/\/dreamymegane.com\/index.php\/se-deplacer-seoul\/#breadcrumb","itemListElement":[{"@type":"ListItem","position":1,"name":"Accueil","item":"https:\/\/dreamymegane.com\/"},{"@type":"ListItem","position":2,"name":"Se d\u00e9placer \u00e0 S\u00e9oul"}]},{"@type":"WebSite","@id":"https:\/\/dreamymegane.com\/#website","url":"https:\/\/dreamymegane.com\/","name":"dreamymegane.com","description":"","publisher":{"@id":"https:\/\/dreamymegane.com\/#\/schema\/person\/fcb4ff8a5fbc7f3e7c6d5b3bd0065ad2"},"potentialAction":[{"@type":"SearchAction","target":{"@type":"EntryPoint","urlTemplate":"https:\/\/dreamymegane.com\/?s={search_term_string}"},"query-input":"required name=search_term_string"}],"inLanguage":"en-US"},{"@type":["Person","Organization"],"@id":"https:\/\/dreamymegane.com\/#\/schema\/person\/fcb4ff8a5fbc7f3e7c6d5b3bd0065ad2","name":"dreamymegane.com","image":{"@type":"ImageObject","inLanguage":"en-US","@id":"https:\/\/dreamymegane.com\/#\/schema\/person\/image\/","url":"http:\/\/dreamymegane.com\/wp-content\/uploads\/2023\/11\/logo-blog.png","contentUrl":"http:\/\/dreamymegane.com\/wp-content\/uploads\/2023\/11\/logo-blog.png","width":445,"height":138,"caption":"dreamymegane.com"},"logo":{"@id":"https:\/\/dreamymegane.com\/#\/schema\/person\/image\/"},"sameAs":["http:\/\/dreamymegane.com"]}]}},"_links":{"self":[{"href":"https:\/\/dreamymegane.com\/index.php\/wp-json\/wp\/v2\/pages\/237"}],"collection":[{"href":"https:\/\/dreamymegane.com\/index.php\/wp-json\/wp\/v2\/pages"}],"about":[{"href":"https:\/\/dreamymegane.com\/index.php\/wp-json\/wp\/v2\/types\/page"}],"author":[{"embeddable":true,"href":"https:\/\/dreamymegane.com\/index.php\/wp-json\/wp\/v2\/users\/1"}],"replies":[{"embeddable":true,"href":"https:\/\/dreamymegane.com\/index.php\/wp-json\/wp\/v2\/comments?post=237"}],"version-history":[{"count":6,"href":"https:\/\/dreamymegane.com\/index.php\/wp-json\/wp\/v2\/pages\/237\/revisions"}],"predecessor-version":[{"id":1057,"href":"https:\/\/dreamymegane.com\/index.php\/wp-json\/wp\/v2\/pages\/237\/revisions\/1057"}],"wp:attachment":[{"href":"https:\/\/dreamymegane.com\/index.php\/wp-json\/wp\/v2\/media?parent=237"}],"curies":[{"name":"wp","href":"https:\/\/api.w.org\/{rel}","templated":true}]}}