{"id":2916,"date":"2025-04-10T04:25:26","date_gmt":"2025-04-10T02:25:26","guid":{"rendered":"https:\/\/dreamymegane.com\/?page_id=2916"},"modified":"2025-04-10T04:25:26","modified_gmt":"2025-04-10T02:25:26","slug":"politique-de-confidentialite","status":"publish","type":"page","link":"https:\/\/dreamymegane.com\/index.php\/politique-de-confidentialite\/","title":{"rendered":"Politique de confidentialit\u00e9"},"content":{"rendered":"\n<div class=\"wp-block-cover alignfull has-custom-content-position is-position-bottom-center is-style-default\" style=\"padding-top:6rem;padding-right:1.6rem;padding-bottom:6rem;padding-left:1.6rem;min-height:143px\"><span aria-hidden=\"true\" class=\"wp-block-cover__background has-background-dim wp-block-cover__gradient-background has-background-gradient\" style=\"background:linear-gradient(180deg,rgba(36,36,30,0.33) 58%,rgb(36,36,30) 100%)\"><\/span><img decoding=\"async\" width=\"2400\" height=\"1237\" class=\"wp-block-cover__image-background wp-image-434\" alt=\"\" src=\"http:\/\/dreamymegane.com\/wp-content\/uploads\/2023\/11\/seoul-city.jpg\" data-object-fit=\"cover\" srcset=\"https:\/\/dreamymegane.com\/wp-content\/uploads\/2023\/11\/seoul-city.jpg 2400w, https:\/\/dreamymegane.com\/wp-content\/uploads\/2023\/11\/seoul-city-300x155.jpg 300w, https:\/\/dreamymegane.com\/wp-content\/uploads\/2023\/11\/seoul-city-1024x528.jpg 1024w, https:\/\/dreamymegane.com\/wp-content\/uploads\/2023\/11\/seoul-city-768x396.jpg 768w, https:\/\/dreamymegane.com\/wp-content\/uploads\/2023\/11\/seoul-city-1536x792.jpg 1536w, https:\/\/dreamymegane.com\/wp-content\/uploads\/2023\/11\/seoul-city-2048x1056.jpg 2048w, https:\/\/dreamymegane.com\/wp-content\/uploads\/2023\/11\/seoul-city-1170x603.jpg 1170w\" sizes=\"(max-width: 2400px) 100vw, 2400px\" \/><div class=\"wp-block-cover__inner-container is-layout-flow wp-block-cover-is-layout-flow\">\n<div class=\"wp-block-group is-layout-constrained wp-container-3 wp-block-group-is-layout-constrained\">\n<div class=\"wp-block-columns is-layout-flex wp-container-2 wp-block-columns-is-layout-flex\">\n<div class=\"wp-block-column is-layout-flow wp-block-column-is-layout-flow\">\n<h1 class=\"wp-block-heading has-3-x-large-font-size\" style=\"line-height:1.1\">Politique de confidentialit\u00e9<\/h1>\n<\/div>\n<\/div>\n<\/div>\n<\/div><\/div>\n\n\n\n<div class=\"wp-block-columns alignwide is-layout-flex wp-container-6 wp-block-columns-is-layout-flex\">\n<div class=\"wp-block-column is-layout-flow wp-block-column-is-layout-flow\">\n<p class=\"has-text-align-center\">Chez DreamyMegane, la confidentialit\u00e9 de nos visiteurs est une priorit\u00e9. Cette politique de confidentialit\u00e9 d\u00e9crit les types d\u2019informations collect\u00e9es et enregistr\u00e9es par notre site et comment elles sont utilis\u00e9es.<\/p>\n<\/div>\n<\/div>\n\n\n\n<h3 class=\"wp-block-heading alignwide\">1. Informations collect\u00e9es<\/h3>\n\n\n\n<div class=\"wp-block-columns alignwide is-layout-flex wp-container-8 wp-block-columns-is-layout-flex\">\n<div class=\"wp-block-column is-vertically-aligned-center is-layout-flow wp-block-column-is-layout-flow\">\n<p>Lorsque vous visitez le site https:\/\/dreamymegane.com, nous pouvons (oui enfin Google pas moi hein) collecter certaines informations automatiquement :<\/p>\n\n\n\n<ul>\n<li>Votre adresse IP<\/li>\n\n\n\n<li>Le type de navigateur utilis\u00e9<\/li>\n\n\n\n<li>Les pages visit\u00e9es<\/li>\n\n\n\n<li>La dur\u00e9e de votre visite<\/li>\n\n\n\n<li>D\u2019autres donn\u00e9es analytiques via Google Analytics<\/li>\n<\/ul>\n\n\n\n<p>Ces donn\u00e9es sont collect\u00e9es \u00e0 des fins statistiques pour am\u00e9liorer l\u2019exp\u00e9rience utilisateur.<\/p>\n<\/div>\n<\/div>\n\n\n\n<h3 class=\"wp-block-heading alignwide\">2. Cookies<\/h3>\n\n\n\n<div class=\"wp-block-columns alignwide is-layout-flex wp-container-10 wp-block-columns-is-layout-flex\">\n<div class=\"wp-block-column is-vertically-aligned-center is-layout-flow wp-block-column-is-layout-flow\">\n<p>Nous utilisons des cookies principalement pour : analyser le trafic du site, personnaliser l\u2019exp\u00e9rience utilisateur et diffuser des publicit\u00e9s via Google AdSense. Vous pouvez choisir de d\u00e9sactiver les cookies dans les param\u00e8tres de votre navigateur. Cela peut cependant affecter certaines fonctionnalit\u00e9s du site.<\/p>\n<\/div>\n<\/div>\n\n\n\n<h3 class=\"wp-block-heading alignwide\">3. Google AdSense<\/h3>\n\n\n\n<div class=\"wp-block-columns alignwide are-vertically-aligned-center is-layout-flex wp-container-12 wp-block-columns-is-layout-flex\">\n<div class=\"wp-block-column is-vertically-aligned-center is-layout-flow wp-block-column-is-layout-flow\">\n<p>Nous utilisons Google AdSense pour afficher des publicit\u00e9s. Google peut utiliser des cookies pour diffuser des annonces bas\u00e9es sur vos visites pr\u00e9c\u00e9dentes sur ce site ou d&#8217;autres sites.<\/p>\n\n\n\n<p>Vous pouvez en apprendre davantage sur la mani\u00e8re dont Google g\u00e8re les donn\u00e9es ici :<br>\ud83d\udc49 https:\/\/policies.google.com\/technologies\/ads<\/p>\n<\/div>\n<\/div>\n\n\n\n<h3 class=\"wp-block-heading alignwide\">4. Liens vers des sites tiers<\/h3>\n\n\n\n<div class=\"wp-block-columns alignwide is-layout-flex wp-container-14 wp-block-columns-is-layout-flex\">\n<div class=\"wp-block-column is-layout-flow wp-block-column-is-layout-flow\">\n<p>Certains articles peuvent contenir des liens vers d\u2019autres sites. Nous ne sommes pas responsables des pratiques de confidentialit\u00e9 de ces sites.<\/p>\n<\/div>\n<\/div>\n\n\n\n<h3 class=\"wp-block-heading alignwide\">5. Vos droits<\/h3>\n\n\n\n<div class=\"wp-block-columns alignwide is-layout-flex wp-container-16 wp-block-columns-is-layout-flex\">\n<div class=\"wp-block-column is-layout-flow wp-block-column-is-layout-flow\">\n<p>Conform\u00e9ment au RGPD, vous avez le droit de :<\/p>\n\n\n\n<ul>\n<li>Consulter les donn\u00e9es que nous poss\u00e9dons sur vous<\/li>\n\n\n\n<li>Demander leur rectification ou suppression<\/li>\n\n\n\n<li>Refuser certains traitements<\/li>\n<\/ul>\n\n\n\n<p>Pour toute demande, vous pouvez nous contacter via la page <a href=\"https:\/\/dreamymegane.com\/index.php\/me-contacter\/\">Contact<\/a> \ud83d\ude42<\/p>\n\n\n\n<div style=\"height:28px\" aria-hidden=\"true\" class=\"wp-block-spacer\"><\/div>\n<\/div>\n<\/div>\n","protected":false},"excerpt":{"rendered":"<p>Chez DreamyMegane, la confidentialit\u00e9 de nos visiteurs est une priorit\u00e9. Cette politique de confidentialit\u00e9 d\u00e9crit les types d\u2019informations collect\u00e9es et enregistr\u00e9es par notre site et comment elles sont utilis\u00e9es. 1. Informations collect\u00e9es Lorsque vous visitez le site https:\/\/dreamymegane.com, nous pouvons (oui enfin Google pas moi hein) collecter certaines informations automatiquement : Ces donn\u00e9es sont collect\u00e9es [&hellip;]<\/p>\n","protected":false},"author":1,"featured_media":0,"parent":0,"menu_order":0,"comment_status":"closed","ping_status":"closed","template":"","meta":{"_monsterinsights_skip_tracking":false,"_monsterinsights_sitenote_active":false,"_monsterinsights_sitenote_note":"","_monsterinsights_sitenote_category":0,"footnotes":""},"yoast_head":"<!-- This site is optimized with the Yoast SEO plugin v22.4 - https:\/\/yoast.com\/wordpress\/plugins\/seo\/ -->\n<title>Politique de confidentialit\u00e9 - dreamymegane.com<\/title>\n<meta name=\"description\" content=\"Chez DreamyMegane, la confidentialit\u00e9 de nos visiteurs est une priorit\u00e9. Cette politique d\u00e9crit les types d\u2019informations collect\u00e9es et comment elles sont utilis\u00e9es.\" \/>\n<meta name=\"robots\" content=\"index, follow, max-snippet:-1, max-image-preview:large, max-video-preview:-1\" \/>\n<link rel=\"canonical\" href=\"https:\/\/dreamymegane.com\/index.php\/politique-de-confidentialite\/\" \/>\n<meta property=\"og:locale\" content=\"en_US\" \/>\n<meta property=\"og:type\" content=\"article\" \/>\n<meta property=\"og:title\" content=\"Politique de confidentialit\u00e9 - dreamymegane.com\" \/>\n<meta property=\"og:description\" content=\"Chez DreamyMegane, la confidentialit\u00e9 de nos visiteurs est une priorit\u00e9. Cette politique d\u00e9crit les types d\u2019informations collect\u00e9es et comment elles sont utilis\u00e9es.\" \/>\n<meta property=\"og:url\" content=\"https:\/\/dreamymegane.com\/index.php\/politique-de-confidentialite\/\" \/>\n<meta property=\"og:site_name\" content=\"dreamymegane.com\" \/>\n<meta property=\"og:image\" content=\"http:\/\/dreamymegane.com\/wp-content\/uploads\/2023\/11\/seoul-city.jpg\" \/>\n<meta name=\"twitter:card\" content=\"summary_large_image\" \/>\n<meta name=\"twitter:label1\" content=\"Est. reading time\" \/>\n\t<meta name=\"twitter:data1\" content=\"2 minutes\" \/>\n<script type=\"application\/ld+json\" class=\"yoast-schema-graph\">{\"@context\":\"https:\/\/schema.org\",\"@graph\":[{\"@type\":\"WebPage\",\"@id\":\"https:\/\/dreamymegane.com\/index.php\/politique-de-confidentialite\/\",\"url\":\"https:\/\/dreamymegane.com\/index.php\/politique-de-confidentialite\/\",\"name\":\"Politique de confidentialit\u00e9 - dreamymegane.com\",\"isPartOf\":{\"@id\":\"https:\/\/dreamymegane.com\/#website\"},\"primaryImageOfPage\":{\"@id\":\"https:\/\/dreamymegane.com\/index.php\/politique-de-confidentialite\/#primaryimage\"},\"image\":{\"@id\":\"https:\/\/dreamymegane.com\/index.php\/politique-de-confidentialite\/#primaryimage\"},\"thumbnailUrl\":\"http:\/\/dreamymegane.com\/wp-content\/uploads\/2023\/11\/seoul-city.jpg\",\"datePublished\":\"2025-04-10T02:25:26+00:00\",\"dateModified\":\"2025-04-10T02:25:26+00:00\",\"description\":\"Chez DreamyMegane, la confidentialit\u00e9 de nos visiteurs est une priorit\u00e9. Cette politique d\u00e9crit les types d\u2019informations collect\u00e9es et comment elles sont utilis\u00e9es.\",\"breadcrumb\":{\"@id\":\"https:\/\/dreamymegane.com\/index.php\/politique-de-confidentialite\/#breadcrumb\"},\"inLanguage\":\"en-US\",\"potentialAction\":[{\"@type\":\"ReadAction\",\"target\":[\"https:\/\/dreamymegane.com\/index.php\/politique-de-confidentialite\/\"]}]},{\"@type\":\"ImageObject\",\"inLanguage\":\"en-US\",\"@id\":\"https:\/\/dreamymegane.com\/index.php\/politique-de-confidentialite\/#primaryimage\",\"url\":\"https:\/\/dreamymegane.com\/wp-content\/uploads\/2023\/11\/seoul-city.jpg\",\"contentUrl\":\"https:\/\/dreamymegane.com\/wp-content\/uploads\/2023\/11\/seoul-city.jpg\",\"width\":2400,\"height\":1237},{\"@type\":\"BreadcrumbList\",\"@id\":\"https:\/\/dreamymegane.com\/index.php\/politique-de-confidentialite\/#breadcrumb\",\"itemListElement\":[{\"@type\":\"ListItem\",\"position\":1,\"name\":\"Accueil\",\"item\":\"https:\/\/dreamymegane.com\/\"},{\"@type\":\"ListItem\",\"position\":2,\"name\":\"Politique de confidentialit\u00e9\"}]},{\"@type\":\"WebSite\",\"@id\":\"https:\/\/dreamymegane.com\/#website\",\"url\":\"https:\/\/dreamymegane.com\/\",\"name\":\"dreamymegane.com\",\"description\":\"\",\"publisher\":{\"@id\":\"https:\/\/dreamymegane.com\/#\/schema\/person\/fcb4ff8a5fbc7f3e7c6d5b3bd0065ad2\"},\"potentialAction\":[{\"@type\":\"SearchAction\",\"target\":{\"@type\":\"EntryPoint\",\"urlTemplate\":\"https:\/\/dreamymegane.com\/?s={search_term_string}\"},\"query-input\":\"required name=search_term_string\"}],\"inLanguage\":\"en-US\"},{\"@type\":[\"Person\",\"Organization\"],\"@id\":\"https:\/\/dreamymegane.com\/#\/schema\/person\/fcb4ff8a5fbc7f3e7c6d5b3bd0065ad2\",\"name\":\"dreamymegane.com\",\"image\":{\"@type\":\"ImageObject\",\"inLanguage\":\"en-US\",\"@id\":\"https:\/\/dreamymegane.com\/#\/schema\/person\/image\/\",\"url\":\"http:\/\/dreamymegane.com\/wp-content\/uploads\/2023\/11\/logo-blog.png\",\"contentUrl\":\"http:\/\/dreamymegane.com\/wp-content\/uploads\/2023\/11\/logo-blog.png\",\"width\":445,\"height\":138,\"caption\":\"dreamymegane.com\"},\"logo\":{\"@id\":\"https:\/\/dreamymegane.com\/#\/schema\/person\/image\/\"},\"sameAs\":[\"http:\/\/dreamymegane.com\"]}]}<\/script>\n<!-- \/ Yoast SEO plugin. -->","yoast_head_json":{"title":"Politique de confidentialit\u00e9 - dreamymegane.com","description":"Chez DreamyMegane, la confidentialit\u00e9 de nos visiteurs est une priorit\u00e9. Cette politique d\u00e9crit les types d\u2019informations collect\u00e9es et comment elles sont utilis\u00e9es.","robots":{"index":"index","follow":"follow","max-snippet":"max-snippet:-1","max-image-preview":"max-image-preview:large","max-video-preview":"max-video-preview:-1"},"canonical":"https:\/\/dreamymegane.com\/index.php\/politique-de-confidentialite\/","og_locale":"en_US","og_type":"article","og_title":"Politique de confidentialit\u00e9 - dreamymegane.com","og_description":"Chez DreamyMegane, la confidentialit\u00e9 de nos visiteurs est une priorit\u00e9. Cette politique d\u00e9crit les types d\u2019informations collect\u00e9es et comment elles sont utilis\u00e9es.","og_url":"https:\/\/dreamymegane.com\/index.php\/politique-de-confidentialite\/","og_site_name":"dreamymegane.com","og_image":[{"url":"http:\/\/dreamymegane.com\/wp-content\/uploads\/2023\/11\/seoul-city.jpg"}],"twitter_card":"summary_large_image","twitter_misc":{"Est. reading time":"2 minutes"},"schema":{"@context":"https:\/\/schema.org","@graph":[{"@type":"WebPage","@id":"https:\/\/dreamymegane.com\/index.php\/politique-de-confidentialite\/","url":"https:\/\/dreamymegane.com\/index.php\/politique-de-confidentialite\/","name":"Politique de confidentialit\u00e9 - dreamymegane.com","isPartOf":{"@id":"https:\/\/dreamymegane.com\/#website"},"primaryImageOfPage":{"@id":"https:\/\/dreamymegane.com\/index.php\/politique-de-confidentialite\/#primaryimage"},"image":{"@id":"https:\/\/dreamymegane.com\/index.php\/politique-de-confidentialite\/#primaryimage"},"thumbnailUrl":"http:\/\/dreamymegane.com\/wp-content\/uploads\/2023\/11\/seoul-city.jpg","datePublished":"2025-04-10T02:25:26+00:00","dateModified":"2025-04-10T02:25:26+00:00","description":"Chez DreamyMegane, la confidentialit\u00e9 de nos visiteurs est une priorit\u00e9. Cette politique d\u00e9crit les types d\u2019informations collect\u00e9es et comment elles sont utilis\u00e9es.","breadcrumb":{"@id":"https:\/\/dreamymegane.com\/index.php\/politique-de-confidentialite\/#breadcrumb"},"inLanguage":"en-US","potentialAction":[{"@type":"ReadAction","target":["https:\/\/dreamymegane.com\/index.php\/politique-de-confidentialite\/"]}]},{"@type":"ImageObject","inLanguage":"en-US","@id":"https:\/\/dreamymegane.com\/index.php\/politique-de-confidentialite\/#primaryimage","url":"https:\/\/dreamymegane.com\/wp-content\/uploads\/2023\/11\/seoul-city.jpg","contentUrl":"https:\/\/dreamymegane.com\/wp-content\/uploads\/2023\/11\/seoul-city.jpg","width":2400,"height":1237},{"@type":"BreadcrumbList","@id":"https:\/\/dreamymegane.com\/index.php\/politique-de-confidentialite\/#breadcrumb","itemListElement":[{"@type":"ListItem","position":1,"name":"Accueil","item":"https:\/\/dreamymegane.com\/"},{"@type":"ListItem","position":2,"name":"Politique de confidentialit\u00e9"}]},{"@type":"WebSite","@id":"https:\/\/dreamymegane.com\/#website","url":"https:\/\/dreamymegane.com\/","name":"dreamymegane.com","description":"","publisher":{"@id":"https:\/\/dreamymegane.com\/#\/schema\/person\/fcb4ff8a5fbc7f3e7c6d5b3bd0065ad2"},"potentialAction":[{"@type":"SearchAction","target":{"@type":"EntryPoint","urlTemplate":"https:\/\/dreamymegane.com\/?s={search_term_string}"},"query-input":"required name=search_term_string"}],"inLanguage":"en-US"},{"@type":["Person","Organization"],"@id":"https:\/\/dreamymegane.com\/#\/schema\/person\/fcb4ff8a5fbc7f3e7c6d5b3bd0065ad2","name":"dreamymegane.com","image":{"@type":"ImageObject","inLanguage":"en-US","@id":"https:\/\/dreamymegane.com\/#\/schema\/person\/image\/","url":"http:\/\/dreamymegane.com\/wp-content\/uploads\/2023\/11\/logo-blog.png","contentUrl":"http:\/\/dreamymegane.com\/wp-content\/uploads\/2023\/11\/logo-blog.png","width":445,"height":138,"caption":"dreamymegane.com"},"logo":{"@id":"https:\/\/dreamymegane.com\/#\/schema\/person\/image\/"},"sameAs":["http:\/\/dreamymegane.com"]}]}},"_links":{"self":[{"href":"https:\/\/dreamymegane.com\/index.php\/wp-json\/wp\/v2\/pages\/2916"}],"collection":[{"href":"https:\/\/dreamymegane.com\/index.php\/wp-json\/wp\/v2\/pages"}],"about":[{"href":"https:\/\/dreamymegane.com\/index.php\/wp-json\/wp\/v2\/types\/page"}],"author":[{"embeddable":true,"href":"https:\/\/dreamymegane.com\/index.php\/wp-json\/wp\/v2\/users\/1"}],"replies":[{"embeddable":true,"href":"https:\/\/dreamymegane.com\/index.php\/wp-json\/wp\/v2\/comments?post=2916"}],"version-history":[{"count":2,"href":"https:\/\/dreamymegane.com\/index.php\/wp-json\/wp\/v2\/pages\/2916\/revisions"}],"predecessor-version":[{"id":2921,"href":"https:\/\/dreamymegane.com\/index.php\/wp-json\/wp\/v2\/pages\/2916\/revisions\/2921"}],"wp:attachment":[{"href":"https:\/\/dreamymegane.com\/index.php\/wp-json\/wp\/v2\/media?parent=2916"}],"curies":[{"name":"wp","href":"https:\/\/api.w.org\/{rel}","templated":true}]}}